{"id":10384,"date":"2025-03-28T03:28:31","date_gmt":"2025-03-28T02:28:31","guid":{"rendered":"https:\/\/www.livinginversiones.com\/contact\/"},"modified":"2026-04-18T03:42:47","modified_gmt":"2026-04-18T01:42:47","slug":"contact","status":"publish","type":"page","link":"https:\/\/www.livinginversiones.com\/en\/contact\/","title":{"rendered":"Contact"},"content":{"rendered":"\t\t<div data-elementor-type=\"wp-page\" data-elementor-id=\"10384\" class=\"elementor elementor-10384 elementor-6452\" data-elementor-post-type=\"page\">\n\t\t\t\t<div class=\"elementor-element elementor-element-dd4cc01 e-con-full e-flex e-con e-parent\" data-id=\"dd4cc01\" data-element_type=\"container\" data-settings=\"{&quot;background_background&quot;:&quot;classic&quot;}\">\n\t\t<div class=\"elementor-element elementor-element-49de9ae e-flex e-con-boxed e-con e-child\" data-id=\"49de9ae\" data-element_type=\"container\">\n\t\t\t\t\t<div class=\"e-con-inner\">\n\t\t\t\t<div class=\"elementor-element elementor-element-03bf66d elementor-widget elementor-widget-page-title\" data-id=\"03bf66d\" data-element_type=\"widget\" data-widget_type=\"page-title.default\">\n\t\t\t\t<div class=\"elementor-widget-container\">\n\t\t\t\t\t\t\t\n\t\t<div class=\"hfe-page-title hfe-page-title-wrapper elementor-widget-heading\">\n\n\t\t\t\t\t\t\t\t<h2 class=\"elementor-heading-title elementor-size-default\">\n\t\t\t\t\t\t\t\t\n\t\t\t\tContact  \n\t\t\t<\/h2 > \n\t\t\t\t\t<\/div>\n\t\t\t\t\t\t<\/div>\n\t\t\t\t<\/div>\n\t\t<div class=\"elementor-element elementor-element-f99e958 e-con-full e-flex e-con e-child\" data-id=\"f99e958\" data-element_type=\"container\">\n\t\t\t\t<div class=\"elementor-element elementor-element-0af00e4 elementor-widget__width-initial elementor-hidden-mobile elementor-widget elementor-widget-heading\" data-id=\"0af00e4\" data-element_type=\"widget\" data-widget_type=\"heading.default\">\n\t\t\t\t<div class=\"elementor-widget-container\">\n\t\t\t\t\t<div class=\"elementor-heading-title elementor-size-default\">Our global team of real estate experts guides you with experience in an ever-changing market.<\/div>\t\t\t\t<\/div>\n\t\t\t\t<\/div>\n\t\t\t\t<div class=\"elementor-element elementor-element-d07b84b elementor-widget elementor-widget-hfe-breadcrumbs-widget\" data-id=\"d07b84b\" data-element_type=\"widget\" data-widget_type=\"hfe-breadcrumbs-widget.default\">\n\t\t\t\t<div class=\"elementor-widget-container\">\n\t\t\t\t\t<nav aria-label=\"Breadcrumb\"><ul class=\"hfe-breadcrumbs hfe-breadcrumbs-show-home\"><li class=\"hfe-breadcrumbs-item hfe-breadcrumbs-first\"><span class=\"hfe-breadcrumbs-home-icon\"><\/span><a href=\"https:\/\/www.livinginversiones.com\/en\/\"><span class=\"hfe-breadcrumbs-text\">Home<\/span><\/a><\/li><\/ul><\/nav>\t\t\t\t<\/div>\n\t\t\t\t<\/div>\n\t\t\t\t<\/div>\n\t\t\t\t\t<\/div>\n\t\t\t\t<\/div>\n\t\t\t\t<div class=\"elementor-element elementor-element-6e1c396 elementor-widget elementor-widget-spacer\" data-id=\"6e1c396\" data-element_type=\"widget\" data-widget_type=\"spacer.default\">\n\t\t\t\t<div class=\"elementor-widget-container\">\n\t\t\t\t\t\t\t<div class=\"elementor-spacer\">\n\t\t\t<div class=\"elementor-spacer-inner\"><\/div>\n\t\t<\/div>\n\t\t\t\t\t\t<\/div>\n\t\t\t\t<\/div>\n\t\t\t\t<\/div>\n\t\t<div class=\"elementor-element elementor-element-e645870 e-flex e-con-boxed e-con e-parent\" data-id=\"e645870\" data-element_type=\"container\">\n\t\t\t\t\t<div class=\"e-con-inner\">\n\t\t<div class=\"elementor-element elementor-element-57c1499 e-grid e-con-full e-con e-child\" data-id=\"57c1499\" data-element_type=\"container\">\n\t\t<div class=\"elementor-element elementor-element-2783a18 e-flex e-con-boxed e-con e-child\" data-id=\"2783a18\" data-element_type=\"container\">\n\t\t\t\t\t<div class=\"e-con-inner\">\n\t\t\t\t<div class=\"elementor-element elementor-element-fbcd262 elementor-view-default elementor-position-top elementor-mobile-position-top elementor-widget elementor-widget-icon-box\" data-id=\"fbcd262\" data-element_type=\"widget\" data-widget_type=\"icon-box.default\">\n\t\t\t\t<div class=\"elementor-widget-container\">\n\t\t\t\t\t\t\t<div class=\"elementor-icon-box-wrapper\">\n\n\t\t\t\t\t\t<div class=\"elementor-icon-box-icon\">\n\t\t\t\t<span  class=\"elementor-icon\">\n\t\t\t\t<i aria-hidden=\"true\" class=\"spaciaz-icon- spaciaz-icon-envelope-open\"><\/i>\t\t\t\t<\/span>\n\t\t\t<\/div>\n\t\t\t\n\t\t\t\t\t\t<div class=\"elementor-icon-box-content\">\n\n\t\t\t\t\t\t\t\t\t<h5 class=\"elementor-icon-box-title\">\n\t\t\t\t\t\t<span  >\n\t\t\t\t\t\t\tE-mail address\t\t\t\t\t\t<\/span>\n\t\t\t\t\t<\/h5>\n\t\t\t\t\n\t\t\t\t\t\t\t\t\t<p class=\"elementor-icon-box-description\">\n\t\t\t\t\t\tinfo@livinginversiones.com\nluzcarrillo@livinginversiones.com\t\t\t\t\t<\/p>\n\t\t\t\t\n\t\t\t<\/div>\n\t\t\t\n\t\t<\/div>\n\t\t\t\t\t\t<\/div>\n\t\t\t\t<\/div>\n\t\t\t\t<div class=\"elementor-element elementor-element-5594504 elementor-button-default elementor-align-justify elementor-widget elementor-widget-spaciaz-button\" data-id=\"5594504\" data-element_type=\"widget\" data-widget_type=\"spaciaz-button.default\">\n\t\t\t\t<div class=\"elementor-widget-container\">\n\t\t\t\t\t        <div class=\"elementor-button-wrapper\">\n            <a href=\"mailto:luzcarrillo@livinginversiones.com\" class=\"elementor-button-link elementor-button elementor-size-sm\" role=\"button\">\n                        <span class=\"elementor-button-content-wrapper\">\n           \t\t\t<span class=\"elementor-button-text\" data-name=\"ESCR\u00cdBENOS\">\n                <span>ESCR\u00cdBENOS<\/span>\n            <\/span>\n\t\t<\/span>\n                    <\/a>\n        <\/div>\n        \t\t\t\t<\/div>\n\t\t\t\t<\/div>\n\t\t\t\t\t<\/div>\n\t\t\t\t<\/div>\n\t\t<div class=\"elementor-element elementor-element-67ea3e2 e-con-full animated-fast e-flex elementor-invisible e-con e-child\" data-id=\"67ea3e2\" data-element_type=\"container\" data-settings=\"{&quot;animation&quot;:&quot;opal-move-up&quot;,&quot;animation_delay&quot;:100,&quot;background_background&quot;:&quot;classic&quot;}\">\n\t\t\t\t<div class=\"elementor-element elementor-element-833a981 elementor-view-default elementor-position-top elementor-mobile-position-top elementor-widget elementor-widget-icon-box\" data-id=\"833a981\" data-element_type=\"widget\" data-widget_type=\"icon-box.default\">\n\t\t\t\t<div class=\"elementor-widget-container\">\n\t\t\t\t\t\t\t<div class=\"elementor-icon-box-wrapper\">\n\n\t\t\t\t\t\t<div class=\"elementor-icon-box-icon\">\n\t\t\t\t<span  class=\"elementor-icon\">\n\t\t\t\t<i aria-hidden=\"true\" class=\"spaciaz-icon- spaciaz-icon-call-out\"><\/i>\t\t\t\t<\/span>\n\t\t\t<\/div>\n\t\t\t\n\t\t\t\t\t\t<div class=\"elementor-icon-box-content\">\n\n\t\t\t\t\t\t\t\t\t<h5 class=\"elementor-icon-box-title\">\n\t\t\t\t\t\t<span  >\n\t\t\t\t\t\t\tTelephone number\t\t\t\t\t\t<\/span>\n\t\t\t\t\t<\/h5>\n\t\t\t\t\n\t\t\t\t\t\t\t\t\t<p class=\"elementor-icon-box-description\">\n\t\t\t\t\t\t+(34) 634 911 488\t\t\t\t\t<\/p>\n\t\t\t\t\n\t\t\t<\/div>\n\t\t\t\n\t\t<\/div>\n\t\t\t\t\t\t<\/div>\n\t\t\t\t<\/div>\n\t\t\t\t<div class=\"elementor-element elementor-element-8ff5c9c elementor-widget elementor-widget-spacer\" data-id=\"8ff5c9c\" data-element_type=\"widget\" data-widget_type=\"spacer.default\">\n\t\t\t\t<div class=\"elementor-widget-container\">\n\t\t\t\t\t\t\t<div class=\"elementor-spacer\">\n\t\t\t<div class=\"elementor-spacer-inner\"><\/div>\n\t\t<\/div>\n\t\t\t\t\t\t<\/div>\n\t\t\t\t<\/div>\n\t\t\t\t<div class=\"elementor-element elementor-element-02ad47c elementor-button-default elementor-align-justify elementor-widget elementor-widget-spaciaz-button\" data-id=\"02ad47c\" data-element_type=\"widget\" data-widget_type=\"spaciaz-button.default\">\n\t\t\t\t<div class=\"elementor-widget-container\">\n\t\t\t\t\t        <div class=\"elementor-button-wrapper\">\n            <a href=\"tel:+34634911488\" class=\"elementor-button-link elementor-button elementor-size-sm\" role=\"button\">\n                        <span class=\"elementor-button-content-wrapper\">\n           \t\t\t<span class=\"elementor-button-text\" data-name=\"LL\u00c1MANOS\">\n                <span>LL\u00c1MANOS<\/span>\n            <\/span>\n\t\t<\/span>\n                    <\/a>\n        <\/div>\n        \t\t\t\t<\/div>\n\t\t\t\t<\/div>\n\t\t\t\t<\/div>\n\t\t<div class=\"elementor-element elementor-element-a8b5572 e-con-full e-flex e-con e-child\" data-id=\"a8b5572\" data-element_type=\"container\">\n\t\t\t\t<div class=\"elementor-element elementor-element-c22070b elementor-view-default elementor-position-top elementor-mobile-position-top elementor-widget elementor-widget-icon-box\" data-id=\"c22070b\" data-element_type=\"widget\" data-widget_type=\"icon-box.default\">\n\t\t\t\t<div class=\"elementor-widget-container\">\n\t\t\t\t\t\t\t<div class=\"elementor-icon-box-wrapper\">\n\n\t\t\t\t\t\t<div class=\"elementor-icon-box-icon\">\n\t\t\t\t<span  class=\"elementor-icon\">\n\t\t\t\t<i aria-hidden=\"true\" class=\"spaciaz-icon- spaciaz-icon-envelope-open\"><\/i>\t\t\t\t<\/span>\n\t\t\t<\/div>\n\t\t\t\n\t\t\t\t\t\t<div class=\"elementor-icon-box-content\">\n\n\t\t\t\t\t\t\t\t\t<h5 class=\"elementor-icon-box-title\">\n\t\t\t\t\t\t<span  >\n\t\t\t\t\t\t\tLocation\t\t\t\t\t\t<\/span>\n\t\t\t\t\t<\/h5>\n\t\t\t\t\n\t\t\t\t\t\t\t\t\t<p class=\"elementor-icon-box-description\">\n\t\t\t\t\t\tC. de las Huertas, 11, Centro, 28012 Madrid\t\t\t\t\t<\/p>\n\t\t\t\t\n\t\t\t<\/div>\n\t\t\t\n\t\t<\/div>\n\t\t\t\t\t\t<\/div>\n\t\t\t\t<\/div>\n\t\t\t\t<div class=\"elementor-element elementor-element-8155926 elementor-button-default elementor-align-justify elementor-widget elementor-widget-spaciaz-button\" data-id=\"8155926\" data-element_type=\"widget\" data-widget_type=\"spaciaz-button.default\">\n\t\t\t\t<div class=\"elementor-widget-container\">\n\t\t\t\t\t        <div class=\"elementor-button-wrapper\">\n            <a href=\"https:\/\/www.google.com\/maps?q=Calle+de+las+Huertas+11,+28012+Madrid\" class=\"elementor-button-link elementor-button elementor-size-sm\" role=\"button\">\n                        <span class=\"elementor-button-content-wrapper\">\n           \t\t\t<span class=\"elementor-button-text\" data-name=\"VIS\u00cdTANOS\">\n                <span>VIS\u00cdTANOS<\/span>\n            <\/span>\n\t\t<\/span>\n                    <\/a>\n        <\/div>\n        \t\t\t\t<\/div>\n\t\t\t\t<\/div>\n\t\t\t\t<\/div>\n\t\t\t\t<\/div>\n\t\t<div class=\"elementor-element elementor-element-b6aa9a7 e-con-full e-flex e-con e-child\" data-id=\"b6aa9a7\" data-element_type=\"container\">\n\t\t<div class=\"elementor-element elementor-element-b969834 e-con-full e-flex e-con e-child\" data-id=\"b969834\" data-element_type=\"container\">\n\t\t\t\t<div class=\"elementor-element elementor-element-efdd0df elementor-widget elementor-widget-heading\" data-id=\"efdd0df\" data-element_type=\"widget\" data-widget_type=\"heading.default\">\n\t\t\t\t<div class=\"elementor-widget-container\">\n\t\t\t\t\t<h3 class=\"elementor-heading-title elementor-size-default\">LEAVE US YOUR MESSAGE<\/h3>\t\t\t\t<\/div>\n\t\t\t\t<\/div>\n\t\t\t\t<div class=\"elementor-element elementor-element-8a5bc95 elementor-widget elementor-widget-spaciaz-contactform\" data-id=\"8a5bc95\" data-element_type=\"widget\" data-widget_type=\"spaciaz-contactform.default\">\n\t\t\t\t<div class=\"elementor-widget-container\">\n\t\t\t\t\t\n<div class=\"wpcf7 no-js\" id=\"wpcf7-f11003-o1\" lang=\"en-US\" dir=\"ltr\" data-wpcf7-id=\"11003\">\n<div class=\"screen-reader-response\"><p role=\"status\" aria-live=\"polite\" aria-atomic=\"true\"><\/p> <ul><\/ul><\/div>\n<form action=\"\/en\/wp-json\/wp\/v2\/pages\/10384#wpcf7-f11003-o1\" method=\"post\" class=\"wpcf7-form init\" aria-label=\"Contact form\" novalidate=\"novalidate\" data-status=\"init\">\n<fieldset class=\"hidden-fields-container\"><input type=\"hidden\" name=\"_wpcf7\" value=\"11003\" \/><input type=\"hidden\" name=\"_wpcf7_version\" value=\"6.1.3\" \/><input type=\"hidden\" name=\"_wpcf7_locale\" value=\"en_US\" \/><input type=\"hidden\" name=\"_wpcf7_unit_tag\" value=\"wpcf7-f11003-o1\" \/><input type=\"hidden\" name=\"_wpcf7_container_post\" value=\"0\" \/><input type=\"hidden\" name=\"_wpcf7_posted_data_hash\" value=\"\" \/>\n<\/fieldset>\n<div class=\"row\">\n\t<div class=\"column-50\">\n\t\t<p><span class=\"wpcf7-form-control-wrap\" data-name=\"your-name\"><input size=\"40\" maxlength=\"400\" class=\"wpcf7-form-control wpcf7-text wpcf7-validates-as-required\" aria-required=\"true\" aria-invalid=\"false\" placeholder=\"Your-Name*\" value=\"\" type=\"text\" name=\"your-name\" \/><\/span>\n\t\t<\/p>\n\t<\/div>\n\t<div class=\"column-50\">\n\t\t<p><span class=\"wpcf7-form-control-wrap\" data-name=\"your-email-placeholder\"><input size=\"40\" maxlength=\"400\" class=\"wpcf7-form-control wpcf7-email wpcf7-validates-as-required wpcf7-text wpcf7-validates-as-email\" aria-required=\"true\" aria-invalid=\"false\" value=\"Email*\" type=\"email\" name=\"your-email-placeholder\" \/><\/span>\n\t\t<\/p>\n\t<\/div>\n\t<div class=\"column-50\">\n\t\t<p><span class=\"wpcf7-form-control-wrap\" data-name=\"select-796\"><select class=\"wpcf7-form-control wpcf7-select wpcf7-validates-as-required\" aria-required=\"true\" aria-invalid=\"false\" name=\"select-796\"><option value=\"\">I want to know about...<\/option><option value=\"Investment\">Investment<\/option><option value=\"Legal Advice\">Legal Advice<\/option><option value=\"Projects\">Projects<\/option><\/select><\/span>\n\t\t<\/p>\n\t<\/div>\n\t<div class=\"column-50\">\n\t\t<p><span>We will get back to you as soon as possible *.<\/span>\n\t\t<\/p>\n\t<\/div>\n\t<div class=\"column-50 wpcf7-button\">\n\t\t<div class=\"submit-btn enable-style-icon-yes\">\n\t\t\t<p><button type=\"submit\" value=\"submit\" class=\"elementor-button\"><br \/>\n<span class=\"elementor-button-content-wrapper\"><br \/>\n<span class=\"elementor-button-text\">Receive more information about our investment projects<\/span><br \/>\n<span class=\"elementor-button-icon\"><br \/>\n<span class=\"btn-icon-wrap\"><br \/>\n<span class=\"btn-icon\"><br \/>\n<i class=\"spaciaz-icon- spaciaz-icon-arrow-long-right\"><\/i><br \/>\n<\/span><br \/>\n<span class=\"btn-icon-hover\"><br \/>\n<i class=\"spaciaz-icon- spaciaz-icon-arrow-long-right\"><\/i><br \/>\n<\/span><br \/>\n<\/span><br \/>\n<\/span><br \/>\n<\/span><br \/>\n<\/button>\n\t\t\t<\/p>\n\t\t<\/div>\n\t<\/div>\n<\/div><div class=\"wpcf7-response-output\" aria-hidden=\"true\"><\/div>\n<\/form>\n<\/div>\n\t\t\t\t<\/div>\n\t\t\t\t<\/div>\n\t\t\t\t<\/div>\n\t\t<div class=\"elementor-element elementor-element-67b88a0 e-con-full elementor-hidden-mobile e-flex e-con e-child\" data-id=\"67b88a0\" data-element_type=\"container\">\n\t\t\t\t<div class=\"elementor-element elementor-element-4fd0eb2 animated-fast elementor-invisible elementor-widget elementor-widget-image\" data-id=\"4fd0eb2\" data-element_type=\"widget\" data-settings=\"{&quot;_animation&quot;:&quot;opal-move-left&quot;}\" data-widget_type=\"image.default\">\n\t\t\t\t<div class=\"elementor-widget-container\">\n\t\t\t\t\t\t\t\t\t\t\t\t\t\t\t<img decoding=\"async\" src=\"https:\/\/www.livinginversiones.com\/wp-content\/uploads\/elementor\/thumbs\/cropped-cropped-LogoLivingTRANSPARENCIA-1-1-rdatj6hkcav77d0hrx4dp1c15tvypdytky1yx3vzxc.png\" title=\"Logo of Living investments real estate professionals\" alt=\"Logo of Living investments real estate professionals\" loading=\"lazy\" \/>\t\t\t\t\t\t\t\t\t\t\t\t\t\t\t<\/div>\n\t\t\t\t<\/div>\n\t\t\t\t<\/div>\n\t\t\t\t<\/div>\n\t\t<div class=\"elementor-element elementor-element-e070db1 e-con-full e-flex e-con e-child\" data-id=\"e070db1\" data-element_type=\"container\">\n\t\t\t\t<div class=\"elementor-element elementor-element-00b0c2a elementor-widget elementor-widget-google_maps\" data-id=\"00b0c2a\" data-element_type=\"widget\" data-widget_type=\"google_maps.default\">\n\t\t\t\t<div class=\"elementor-widget-container\">\n\t\t\t\t\t\t\t<div class=\"elementor-custom-embed\">\n\t\t\t<iframe loading=\"lazy\"\n\t\t\t\t\tsrc=\"https:\/\/maps.google.com\/maps?q=C.%20de%20las%20Huertas%2C%2011%2C%20Centro%2C%2028012%20Madrid&#038;t=m&#038;z=16&#038;output=embed&#038;iwloc=near\"\n\t\t\t\t\ttitle=\"C. de las Huertas, 11, Centro, 28012 Madrid\"\n\t\t\t\t\taria-label=\"C. de las Huertas, 11, Centro, 28012 Madrid\"\n\t\t\t><\/iframe>\n\t\t<\/div>\n\t\t\t\t\t\t<\/div>\n\t\t\t\t<\/div>\n\t\t\t\t<\/div>\n\t\t\t\t\t<\/div>\n\t\t\t\t<\/div>\n\t\t\t\t<\/div>\n\t\t","protected":false},"excerpt":{"rendered":"<p>Contacto Our global team of real estate experts guides you with experience in an ever-changing market. Home E-mail address info@livinginversiones.com luzcarrillo@livinginversiones.com ESCR\u00cdBENOS Telephone number +(34) 634 911 488 LL\u00c1MANOS Location C. de las Huertas, 11, Centro, 28012 Madrid VIS\u00cdTANOS LEAVE US YOUR MESSAGE Respuesta r\u00e1pida: Te contactaremos en menos de 24 horas Descarga el dossier [&hellip;]<\/p>\n","protected":false},"author":9,"featured_media":0,"parent":0,"menu_order":0,"comment_status":"closed","ping_status":"closed","template":"template-homepage.php","meta":{"footnotes":""},"class_list":["post-10384","page","type-page","status-publish","hentry"],"yoast_head":"<!-- This site is optimized with the Yoast SEO plugin v26.4 - https:\/\/yoast.com\/wordpress\/plugins\/seo\/ -->\n<title>Contact - Living Inversiones<\/title>\n<meta name=\"robots\" content=\"index, follow, max-snippet:-1, max-image-preview:large, max-video-preview:-1\" \/>\n<link rel=\"canonical\" href=\"https:\/\/www.livinginversiones.com\/en\/contact\/\" \/>\n<meta property=\"og:locale\" content=\"en_US\" \/>\n<meta property=\"og:type\" content=\"article\" \/>\n<meta property=\"og:title\" content=\"Contact - Living Inversiones\" \/>\n<meta property=\"og:description\" content=\"Contacto Our global team of real estate experts guides you with experience in an ever-changing market. Home E-mail address info@livinginversiones.com luzcarrillo@livinginversiones.com ESCR\u00cdBENOS Telephone number +(34) 634 911 488 LL\u00c1MANOS Location C. de las Huertas, 11, Centro, 28012 Madrid VIS\u00cdTANOS LEAVE US YOUR MESSAGE Respuesta r\u00e1pida: Te contactaremos en menos de 24 horas Descarga el dossier [&hellip;]\" \/>\n<meta property=\"og:url\" content=\"https:\/\/www.livinginversiones.com\/en\/contact\/\" \/>\n<meta property=\"og:site_name\" content=\"Living Inversiones\" \/>\n<meta property=\"article:modified_time\" content=\"2026-04-18T01:42:47+00:00\" \/>\n<meta property=\"og:image\" content=\"https:\/\/www.livinginversiones.com\/wp-content\/uploads\/elementor\/thumbs\/cropped-cropped-LogoLivingTRANSPARENCIA-1-1-rdatj6hkcav77d0hrx4dp1c15tvypdytky1yx3vzxc.png\" \/>\n<meta name=\"twitter:card\" content=\"summary_large_image\" \/>\n<script type=\"application\/ld+json\" class=\"yoast-schema-graph\">{\"@context\":\"https:\/\/schema.org\",\"@graph\":[{\"@type\":\"WebPage\",\"@id\":\"https:\/\/www.livinginversiones.com\/en\/contact\/\",\"url\":\"https:\/\/www.livinginversiones.com\/en\/contact\/\",\"name\":\"Contact - Living Inversiones\",\"isPartOf\":{\"@id\":\"https:\/\/www.livinginversiones.com\/en\/#website\"},\"primaryImageOfPage\":{\"@id\":\"https:\/\/www.livinginversiones.com\/en\/contact\/#primaryimage\"},\"image\":{\"@id\":\"https:\/\/www.livinginversiones.com\/en\/contact\/#primaryimage\"},\"thumbnailUrl\":\"https:\/\/www.livinginversiones.com\/wp-content\/uploads\/elementor\/thumbs\/cropped-cropped-LogoLivingTRANSPARENCIA-1-1-rdatj6hkcav77d0hrx4dp1c15tvypdytky1yx3vzxc.png\",\"datePublished\":\"2025-03-28T02:28:31+00:00\",\"dateModified\":\"2026-04-18T01:42:47+00:00\",\"breadcrumb\":{\"@id\":\"https:\/\/www.livinginversiones.com\/en\/contact\/#breadcrumb\"},\"inLanguage\":\"en-US\",\"potentialAction\":[{\"@type\":\"ReadAction\",\"target\":[\"https:\/\/www.livinginversiones.com\/en\/contact\/\"]}]},{\"@type\":\"ImageObject\",\"inLanguage\":\"en-US\",\"@id\":\"https:\/\/www.livinginversiones.com\/en\/contact\/#primaryimage\",\"url\":\"https:\/\/www.livinginversiones.com\/wp-content\/uploads\/elementor\/thumbs\/cropped-cropped-LogoLivingTRANSPARENCIA-1-1-rdatj6hkcav77d0hrx4dp1c15tvypdytky1yx3vzxc.png\",\"contentUrl\":\"https:\/\/www.livinginversiones.com\/wp-content\/uploads\/elementor\/thumbs\/cropped-cropped-LogoLivingTRANSPARENCIA-1-1-rdatj6hkcav77d0hrx4dp1c15tvypdytky1yx3vzxc.png\"},{\"@type\":\"BreadcrumbList\",\"@id\":\"https:\/\/www.livinginversiones.com\/en\/contact\/#breadcrumb\",\"itemListElement\":[{\"@type\":\"ListItem\",\"position\":1,\"name\":\"Portada\",\"item\":\"https:\/\/www.livinginversiones.com\/en\/\"},{\"@type\":\"ListItem\",\"position\":2,\"name\":\"Contact\"}]},{\"@type\":\"WebSite\",\"@id\":\"https:\/\/www.livinginversiones.com\/en\/#website\",\"url\":\"https:\/\/www.livinginversiones.com\/en\/\",\"name\":\"Living Inversiones\",\"description\":\"Promotora Inmobiliaria\",\"publisher\":{\"@id\":\"https:\/\/www.livinginversiones.com\/en\/#organization\"},\"potentialAction\":[{\"@type\":\"SearchAction\",\"target\":{\"@type\":\"EntryPoint\",\"urlTemplate\":\"https:\/\/www.livinginversiones.com\/en\/?s={search_term_string}\"},\"query-input\":{\"@type\":\"PropertyValueSpecification\",\"valueRequired\":true,\"valueName\":\"search_term_string\"}}],\"inLanguage\":\"en-US\"},{\"@type\":\"Organization\",\"@id\":\"https:\/\/www.livinginversiones.com\/en\/#organization\",\"name\":\"Living Inversiones\",\"url\":\"https:\/\/www.livinginversiones.com\/en\/\",\"logo\":{\"@type\":\"ImageObject\",\"inLanguage\":\"en-US\",\"@id\":\"https:\/\/www.livinginversiones.com\/en\/#\/schema\/logo\/image\/\",\"url\":\"https:\/\/www.livinginversiones.com\/wp-content\/uploads\/2024\/08\/Logo_Living_TRANSPARENCIA-1.png\",\"contentUrl\":\"https:\/\/www.livinginversiones.com\/wp-content\/uploads\/2024\/08\/Logo_Living_TRANSPARENCIA-1.png\",\"width\":500,\"height\":500,\"caption\":\"Living Inversiones\"},\"image\":{\"@id\":\"https:\/\/www.livinginversiones.com\/en\/#\/schema\/logo\/image\/\"}}]}<\/script>\n<!-- \/ Yoast SEO plugin. -->","yoast_head_json":{"title":"Contact - Living Inversiones","robots":{"index":"index","follow":"follow","max-snippet":"max-snippet:-1","max-image-preview":"max-image-preview:large","max-video-preview":"max-video-preview:-1"},"canonical":"https:\/\/www.livinginversiones.com\/en\/contact\/","og_locale":"en_US","og_type":"article","og_title":"Contact - Living Inversiones","og_description":"Contacto Our global team of real estate experts guides you with experience in an ever-changing market. Home E-mail address info@livinginversiones.com luzcarrillo@livinginversiones.com ESCR\u00cdBENOS Telephone number +(34) 634 911 488 LL\u00c1MANOS Location C. de las Huertas, 11, Centro, 28012 Madrid VIS\u00cdTANOS LEAVE US YOUR MESSAGE Respuesta r\u00e1pida: Te contactaremos en menos de 24 horas Descarga el dossier [&hellip;]","og_url":"https:\/\/www.livinginversiones.com\/en\/contact\/","og_site_name":"Living Inversiones","article_modified_time":"2026-04-18T01:42:47+00:00","og_image":[{"url":"https:\/\/www.livinginversiones.com\/wp-content\/uploads\/elementor\/thumbs\/cropped-cropped-LogoLivingTRANSPARENCIA-1-1-rdatj6hkcav77d0hrx4dp1c15tvypdytky1yx3vzxc.png","type":"","width":"","height":""}],"twitter_card":"summary_large_image","schema":{"@context":"https:\/\/schema.org","@graph":[{"@type":"WebPage","@id":"https:\/\/www.livinginversiones.com\/en\/contact\/","url":"https:\/\/www.livinginversiones.com\/en\/contact\/","name":"Contact - Living Inversiones","isPartOf":{"@id":"https:\/\/www.livinginversiones.com\/en\/#website"},"primaryImageOfPage":{"@id":"https:\/\/www.livinginversiones.com\/en\/contact\/#primaryimage"},"image":{"@id":"https:\/\/www.livinginversiones.com\/en\/contact\/#primaryimage"},"thumbnailUrl":"https:\/\/www.livinginversiones.com\/wp-content\/uploads\/elementor\/thumbs\/cropped-cropped-LogoLivingTRANSPARENCIA-1-1-rdatj6hkcav77d0hrx4dp1c15tvypdytky1yx3vzxc.png","datePublished":"2025-03-28T02:28:31+00:00","dateModified":"2026-04-18T01:42:47+00:00","breadcrumb":{"@id":"https:\/\/www.livinginversiones.com\/en\/contact\/#breadcrumb"},"inLanguage":"en-US","potentialAction":[{"@type":"ReadAction","target":["https:\/\/www.livinginversiones.com\/en\/contact\/"]}]},{"@type":"ImageObject","inLanguage":"en-US","@id":"https:\/\/www.livinginversiones.com\/en\/contact\/#primaryimage","url":"https:\/\/www.livinginversiones.com\/wp-content\/uploads\/elementor\/thumbs\/cropped-cropped-LogoLivingTRANSPARENCIA-1-1-rdatj6hkcav77d0hrx4dp1c15tvypdytky1yx3vzxc.png","contentUrl":"https:\/\/www.livinginversiones.com\/wp-content\/uploads\/elementor\/thumbs\/cropped-cropped-LogoLivingTRANSPARENCIA-1-1-rdatj6hkcav77d0hrx4dp1c15tvypdytky1yx3vzxc.png"},{"@type":"BreadcrumbList","@id":"https:\/\/www.livinginversiones.com\/en\/contact\/#breadcrumb","itemListElement":[{"@type":"ListItem","position":1,"name":"Portada","item":"https:\/\/www.livinginversiones.com\/en\/"},{"@type":"ListItem","position":2,"name":"Contact"}]},{"@type":"WebSite","@id":"https:\/\/www.livinginversiones.com\/en\/#website","url":"https:\/\/www.livinginversiones.com\/en\/","name":"Living Inversiones","description":"Promotora Inmobiliaria","publisher":{"@id":"https:\/\/www.livinginversiones.com\/en\/#organization"},"potentialAction":[{"@type":"SearchAction","target":{"@type":"EntryPoint","urlTemplate":"https:\/\/www.livinginversiones.com\/en\/?s={search_term_string}"},"query-input":{"@type":"PropertyValueSpecification","valueRequired":true,"valueName":"search_term_string"}}],"inLanguage":"en-US"},{"@type":"Organization","@id":"https:\/\/www.livinginversiones.com\/en\/#organization","name":"Living Inversiones","url":"https:\/\/www.livinginversiones.com\/en\/","logo":{"@type":"ImageObject","inLanguage":"en-US","@id":"https:\/\/www.livinginversiones.com\/en\/#\/schema\/logo\/image\/","url":"https:\/\/www.livinginversiones.com\/wp-content\/uploads\/2024\/08\/Logo_Living_TRANSPARENCIA-1.png","contentUrl":"https:\/\/www.livinginversiones.com\/wp-content\/uploads\/2024\/08\/Logo_Living_TRANSPARENCIA-1.png","width":500,"height":500,"caption":"Living Inversiones"},"image":{"@id":"https:\/\/www.livinginversiones.com\/en\/#\/schema\/logo\/image\/"}}]}},"_links":{"self":[{"href":"https:\/\/www.livinginversiones.com\/en\/wp-json\/wp\/v2\/pages\/10384","targetHints":{"allow":["GET"]}}],"collection":[{"href":"https:\/\/www.livinginversiones.com\/en\/wp-json\/wp\/v2\/pages"}],"about":[{"href":"https:\/\/www.livinginversiones.com\/en\/wp-json\/wp\/v2\/types\/page"}],"author":[{"embeddable":true,"href":"https:\/\/www.livinginversiones.com\/en\/wp-json\/wp\/v2\/users\/9"}],"replies":[{"embeddable":true,"href":"https:\/\/www.livinginversiones.com\/en\/wp-json\/wp\/v2\/comments?post=10384"}],"version-history":[{"count":4,"href":"https:\/\/www.livinginversiones.com\/en\/wp-json\/wp\/v2\/pages\/10384\/revisions"}],"predecessor-version":[{"id":15785,"href":"https:\/\/www.livinginversiones.com\/en\/wp-json\/wp\/v2\/pages\/10384\/revisions\/15785"}],"wp:attachment":[{"href":"https:\/\/www.livinginversiones.com\/en\/wp-json\/wp\/v2\/media?parent=10384"}],"curies":[{"name":"wp","href":"https:\/\/api.w.org\/{rel}","templated":true}]}}